{"id":38780,"date":"2025-05-15T10:08:08","date_gmt":"2025-05-15T10:08:08","guid":{"rendered":"https:\/\/luftgekuhltparts.wouwfactor.com\/product\/wheel-standard-4-5-x-15-5-lug-5x205-grey-painted\/"},"modified":"2026-03-20T08:08:49","modified_gmt":"2026-03-20T08:08:49","slug":"wheel-standard-grey-5-lug-5x205-4-5-x-15-et-47-5","status":"publish","type":"product","link":"https:\/\/www.luftgekuhltparts.com\/de\/product\/wheel-standard-grey-5-lug-5x205-4-5-x-15-et-47-5\/","title":{"rendered":"Rad serienm\u00e4\u00dfig, Grau, 5-Nasen (5\u00d7205), 4,5 x 15\u2033, ET 47,5"},"content":{"rendered":"<p>Because we love the splittie buses so much, we also add the 15 inch bus wheel to our range. They go from Post barndoor (April 1955) all the way up to December 1963 when VW decided 14 inch was enough for your bus.<\/p>\n<p>Wheels look like original and are finished as you can expect from a steel wheel, nicely primered ready to paint in your favorite color.<\/p>\n<p>Sold each.<\/p>","protected":false},"excerpt":{"rendered":"<p>Because we love the splittie buses so much, we also add the 15 inch bus wheel to our range. They<\/p>","protected":false},"featured_media":95572,"comment_status":"open","ping_status":"open","template":"","meta":[],"product_brand":[],"product_cat":[72,201,93],"product_tag":[],"supplier":[7219],"class_list":{"0":"post-38780","1":"product","2":"type-product","3":"status-publish","4":"has-post-thumbnail","6":"product_cat-exterior","7":"product_cat-wheels","8":"product_cat-wheels-tyres-hubcaps-hardware","9":"pa_model-bus-12-63","10":"pa_model-bus-brazil-12-66","11":"pa_model-type-181-1971-ch-1812617369","12":"pa_oem-211-601-027e","13":"pa_vehicle-type-split-t1","14":"pa_vehicle-type-thing","15":"supplier-bbt","17":"first","18":"instock","19":"taxable","20":"shipping-taxable","21":"purchasable","22":"product-type-simple"},"yoast_head":"<!-- This site is optimized with the Yoast SEO plugin v27.3 - https:\/\/yoast.com\/product\/yoast-seo-wordpress\/ -->\n<title>Wheel standard, Grey , 5 lug (5x205), 4.5 x 15&quot;, ET 47.5 - Luftgekuhltparts.com<\/title>\n<meta name=\"description\" content=\"Wheel standard, Grey , 5 lug (5x205), 4.5 x 15&quot;, ET 47.5 for Volkswagen Bus -12\/63, Bus Brazil -12\/66,Type 181&amp;nbsp;-1971 (ch.-1812617369) | OEM VW parts | Luftgekuhlt Parts\" \/>\n<meta name=\"robots\" content=\"index, follow, max-snippet:-1, max-image-preview:large, max-video-preview:-1\" \/>\n<link rel=\"canonical\" href=\"https:\/\/www.luftgekuhltparts.com\/de\/product\/wheel-standard-grey-5-lug-5x205-4-5-x-15-et-47-5\/\" \/>\n<meta property=\"og:locale\" content=\"de_DE\" \/>\n<meta property=\"og:type\" content=\"article\" \/>\n<meta property=\"og:title\" content=\"Wheel standard, Grey , 5 lug (5x205), 4.5 x 15&quot;, ET 47.5 - Luftgekuhltparts.com\" \/>\n<meta property=\"og:description\" content=\"Wheel standard, Grey , 5 lug (5x205), 4.5 x 15&quot;, ET 47.5 for Volkswagen Bus -12\/63, Bus Brazil -12\/66,Type 181&amp;nbsp;-1971 (ch.-1812617369) | OEM VW parts | Luftgekuhlt Parts\" \/>\n<meta property=\"og:url\" content=\"https:\/\/www.luftgekuhltparts.com\/de\/product\/wheel-standard-grey-5-lug-5x205-4-5-x-15-et-47-5\/\" \/>\n<meta property=\"og:site_name\" content=\"Luftgekuhltparts.com\" \/>\n<meta property=\"article:publisher\" content=\"https:\/\/www.facebook.com\/LUFTGEKUHLTParts\/\" \/>\n<meta property=\"article:modified_time\" content=\"2026-03-20T08:08:49+00:00\" \/>\n<meta property=\"og:image\" content=\"https:\/\/www.luftgekuhltparts.com\/wp-content\/uploads\/2025\/07\/2564-215.21cce939_1.jpg\" \/>\n\t<meta property=\"og:image:width\" content=\"960\" \/>\n\t<meta property=\"og:image:height\" content=\"960\" \/>\n\t<meta property=\"og:image:type\" content=\"image\/jpeg\" \/>\n<meta name=\"twitter:card\" content=\"summary_large_image\" \/>\n<script type=\"application\/ld+json\" class=\"yoast-schema-graph\">{\"@context\":\"https:\\\/\\\/schema.org\",\"@graph\":[{\"@type\":\"WebPage\",\"@id\":\"https:\\\/\\\/www.luftgekuhltparts.com\\\/product\\\/wheel-standard-grey-5-lug-5x205-4-5-x-15-et-47-5\\\/\",\"url\":\"https:\\\/\\\/www.luftgekuhltparts.com\\\/product\\\/wheel-standard-grey-5-lug-5x205-4-5-x-15-et-47-5\\\/\",\"name\":\"Wheel standard, Grey , 5 lug (5x205), 4.5 x 15\\\", ET 47.5 - Luftgekuhltparts.com\",\"isPartOf\":{\"@id\":\"https:\\\/\\\/www.luftgekuhltparts.com\\\/#website\"},\"primaryImageOfPage\":{\"@id\":\"https:\\\/\\\/www.luftgekuhltparts.com\\\/product\\\/wheel-standard-grey-5-lug-5x205-4-5-x-15-et-47-5\\\/#primaryimage\"},\"image\":{\"@id\":\"https:\\\/\\\/www.luftgekuhltparts.com\\\/product\\\/wheel-standard-grey-5-lug-5x205-4-5-x-15-et-47-5\\\/#primaryimage\"},\"thumbnailUrl\":\"https:\\\/\\\/www.luftgekuhltparts.com\\\/wp-content\\\/uploads\\\/2025\\\/07\\\/2564-215.21cce939_1.jpg\",\"datePublished\":\"2025-05-15T10:08:08+00:00\",\"dateModified\":\"2026-03-20T08:08:49+00:00\",\"description\":\"Wheel standard, Grey , 5 lug (5x205), 4.5 x 15&quot;, ET 47.5 for Volkswagen Bus -12\\\/63, Bus Brazil -12\\\/66,Type 181&amp;nbsp;-1971 (ch.-1812617369) | OEM VW parts | Luftgekuhlt Parts\",\"breadcrumb\":{\"@id\":\"https:\\\/\\\/www.luftgekuhltparts.com\\\/product\\\/wheel-standard-grey-5-lug-5x205-4-5-x-15-et-47-5\\\/#breadcrumb\"},\"inLanguage\":\"de\",\"potentialAction\":[{\"@type\":\"ReadAction\",\"target\":[\"https:\\\/\\\/www.luftgekuhltparts.com\\\/product\\\/wheel-standard-grey-5-lug-5x205-4-5-x-15-et-47-5\\\/\"]}]},{\"@type\":\"ImageObject\",\"inLanguage\":\"de\",\"@id\":\"https:\\\/\\\/www.luftgekuhltparts.com\\\/product\\\/wheel-standard-grey-5-lug-5x205-4-5-x-15-et-47-5\\\/#primaryimage\",\"url\":\"https:\\\/\\\/www.luftgekuhltparts.com\\\/wp-content\\\/uploads\\\/2025\\\/07\\\/2564-215.21cce939_1.jpg\",\"contentUrl\":\"https:\\\/\\\/www.luftgekuhltparts.com\\\/wp-content\\\/uploads\\\/2025\\\/07\\\/2564-215.21cce939_1.jpg\",\"width\":960,\"height\":960},{\"@type\":\"BreadcrumbList\",\"@id\":\"https:\\\/\\\/www.luftgekuhltparts.com\\\/product\\\/wheel-standard-grey-5-lug-5x205-4-5-x-15-et-47-5\\\/#breadcrumb\",\"itemListElement\":[{\"@type\":\"ListItem\",\"position\":1,\"name\":\"Home\",\"item\":\"https:\\\/\\\/www.luftgekuhltparts.com\\\/\"},{\"@type\":\"ListItem\",\"position\":2,\"name\":\"Shop\",\"item\":\"https:\\\/\\\/www.luftgekuhltparts.com\\\/shop\\\/\"},{\"@type\":\"ListItem\",\"position\":3,\"name\":\"Wheel standard, Grey , 5 lug (5&#215;205), 4.5 x 15&#8243;, ET 47.5\"}]},{\"@type\":\"WebSite\",\"@id\":\"https:\\\/\\\/www.luftgekuhltparts.com\\\/#website\",\"url\":\"https:\\\/\\\/www.luftgekuhltparts.com\\\/\",\"name\":\"Luftgekuhltparts.com\",\"description\":\"\",\"publisher\":{\"@id\":\"https:\\\/\\\/www.luftgekuhltparts.com\\\/#organization\"},\"potentialAction\":[{\"@type\":\"SearchAction\",\"target\":{\"@type\":\"EntryPoint\",\"urlTemplate\":\"https:\\\/\\\/www.luftgekuhltparts.com\\\/?s={search_term_string}\"},\"query-input\":{\"@type\":\"PropertyValueSpecification\",\"valueRequired\":true,\"valueName\":\"search_term_string\"}}],\"inLanguage\":\"de\"},{\"@type\":\"Organization\",\"@id\":\"https:\\\/\\\/www.luftgekuhltparts.com\\\/#organization\",\"name\":\"Luftgekuhltparts.com\",\"url\":\"https:\\\/\\\/www.luftgekuhltparts.com\\\/\",\"logo\":{\"@type\":\"ImageObject\",\"inLanguage\":\"de\",\"@id\":\"https:\\\/\\\/www.luftgekuhltparts.com\\\/#\\\/schema\\\/logo\\\/image\\\/\",\"url\":\"https:\\\/\\\/www.luftgekuhltparts.com\\\/wp-content\\\/uploads\\\/2024\\\/02\\\/logo.png\",\"contentUrl\":\"https:\\\/\\\/www.luftgekuhltparts.com\\\/wp-content\\\/uploads\\\/2024\\\/02\\\/logo.png\",\"width\":500,\"height\":549,\"caption\":\"Luftgekuhltparts.com\"},\"image\":{\"@id\":\"https:\\\/\\\/www.luftgekuhltparts.com\\\/#\\\/schema\\\/logo\\\/image\\\/\"},\"sameAs\":[\"https:\\\/\\\/www.facebook.com\\\/LUFTGEKUHLTParts\\\/\",\"https:\\\/\\\/nl.pinterest.com\\\/luftgekuhltparts\\\/\"]}]}<\/script>\n<!-- \/ Yoast SEO plugin. -->","yoast_head_json":{"title":"Wheel standard, Grey , 5 lug (5x205), 4.5 x 15\", ET 47.5 - Luftgekuhltparts.com","description":"Wheel standard, Grey , 5 lug (5x205), 4.5 x 15&quot;, ET 47.5 for Volkswagen Bus -12\/63, Bus Brazil -12\/66,Type 181&amp;nbsp;-1971 (ch.-1812617369) | OEM VW parts | Luftgekuhlt Parts","robots":{"index":"index","follow":"follow","max-snippet":"max-snippet:-1","max-image-preview":"max-image-preview:large","max-video-preview":"max-video-preview:-1"},"canonical":"https:\/\/www.luftgekuhltparts.com\/de\/product\/wheel-standard-grey-5-lug-5x205-4-5-x-15-et-47-5\/","og_locale":"de_DE","og_type":"article","og_title":"Wheel standard, Grey , 5 lug (5x205), 4.5 x 15\", ET 47.5 - Luftgekuhltparts.com","og_description":"Wheel standard, Grey , 5 lug (5x205), 4.5 x 15&quot;, ET 47.5 for Volkswagen Bus -12\/63, Bus Brazil -12\/66,Type 181&amp;nbsp;-1971 (ch.-1812617369) | OEM VW parts | Luftgekuhlt Parts","og_url":"https:\/\/www.luftgekuhltparts.com\/de\/product\/wheel-standard-grey-5-lug-5x205-4-5-x-15-et-47-5\/","og_site_name":"Luftgekuhltparts.com","article_publisher":"https:\/\/www.facebook.com\/LUFTGEKUHLTParts\/","article_modified_time":"2026-03-20T08:08:49+00:00","og_image":[{"width":960,"height":960,"url":"https:\/\/www.luftgekuhltparts.com\/wp-content\/uploads\/2025\/07\/2564-215.21cce939_1.jpg","type":"image\/jpeg"}],"twitter_card":"summary_large_image","schema":{"@context":"https:\/\/schema.org","@graph":[{"@type":"WebPage","@id":"https:\/\/www.luftgekuhltparts.com\/product\/wheel-standard-grey-5-lug-5x205-4-5-x-15-et-47-5\/","url":"https:\/\/www.luftgekuhltparts.com\/product\/wheel-standard-grey-5-lug-5x205-4-5-x-15-et-47-5\/","name":"Wheel standard, Grey , 5 lug (5x205), 4.5 x 15\", ET 47.5 - Luftgekuhltparts.com","isPartOf":{"@id":"https:\/\/www.luftgekuhltparts.com\/#website"},"primaryImageOfPage":{"@id":"https:\/\/www.luftgekuhltparts.com\/product\/wheel-standard-grey-5-lug-5x205-4-5-x-15-et-47-5\/#primaryimage"},"image":{"@id":"https:\/\/www.luftgekuhltparts.com\/product\/wheel-standard-grey-5-lug-5x205-4-5-x-15-et-47-5\/#primaryimage"},"thumbnailUrl":"https:\/\/www.luftgekuhltparts.com\/wp-content\/uploads\/2025\/07\/2564-215.21cce939_1.jpg","datePublished":"2025-05-15T10:08:08+00:00","dateModified":"2026-03-20T08:08:49+00:00","description":"Wheel standard, Grey , 5 lug (5x205), 4.5 x 15&quot;, ET 47.5 for Volkswagen Bus -12\/63, Bus Brazil -12\/66,Type 181&amp;nbsp;-1971 (ch.-1812617369) | OEM VW parts | Luftgekuhlt Parts","breadcrumb":{"@id":"https:\/\/www.luftgekuhltparts.com\/product\/wheel-standard-grey-5-lug-5x205-4-5-x-15-et-47-5\/#breadcrumb"},"inLanguage":"de","potentialAction":[{"@type":"ReadAction","target":["https:\/\/www.luftgekuhltparts.com\/product\/wheel-standard-grey-5-lug-5x205-4-5-x-15-et-47-5\/"]}]},{"@type":"ImageObject","inLanguage":"de","@id":"https:\/\/www.luftgekuhltparts.com\/product\/wheel-standard-grey-5-lug-5x205-4-5-x-15-et-47-5\/#primaryimage","url":"https:\/\/www.luftgekuhltparts.com\/wp-content\/uploads\/2025\/07\/2564-215.21cce939_1.jpg","contentUrl":"https:\/\/www.luftgekuhltparts.com\/wp-content\/uploads\/2025\/07\/2564-215.21cce939_1.jpg","width":960,"height":960},{"@type":"BreadcrumbList","@id":"https:\/\/www.luftgekuhltparts.com\/product\/wheel-standard-grey-5-lug-5x205-4-5-x-15-et-47-5\/#breadcrumb","itemListElement":[{"@type":"ListItem","position":1,"name":"Home","item":"https:\/\/www.luftgekuhltparts.com\/"},{"@type":"ListItem","position":2,"name":"Shop","item":"https:\/\/www.luftgekuhltparts.com\/shop\/"},{"@type":"ListItem","position":3,"name":"Wheel standard, Grey , 5 lug (5&#215;205), 4.5 x 15&#8243;, ET 47.5"}]},{"@type":"WebSite","@id":"https:\/\/www.luftgekuhltparts.com\/#website","url":"https:\/\/www.luftgekuhltparts.com\/","name":"Luftgekuhltparts.com","description":"","publisher":{"@id":"https:\/\/www.luftgekuhltparts.com\/#organization"},"potentialAction":[{"@type":"SearchAction","target":{"@type":"EntryPoint","urlTemplate":"https:\/\/www.luftgekuhltparts.com\/?s={search_term_string}"},"query-input":{"@type":"PropertyValueSpecification","valueRequired":true,"valueName":"search_term_string"}}],"inLanguage":"de"},{"@type":"Organization","@id":"https:\/\/www.luftgekuhltparts.com\/#organization","name":"Luftgekuhltparts.com","url":"https:\/\/www.luftgekuhltparts.com\/","logo":{"@type":"ImageObject","inLanguage":"de","@id":"https:\/\/www.luftgekuhltparts.com\/#\/schema\/logo\/image\/","url":"https:\/\/www.luftgekuhltparts.com\/wp-content\/uploads\/2024\/02\/logo.png","contentUrl":"https:\/\/www.luftgekuhltparts.com\/wp-content\/uploads\/2024\/02\/logo.png","width":500,"height":549,"caption":"Luftgekuhltparts.com"},"image":{"@id":"https:\/\/www.luftgekuhltparts.com\/#\/schema\/logo\/image\/"},"sameAs":["https:\/\/www.facebook.com\/LUFTGEKUHLTParts\/","https:\/\/nl.pinterest.com\/luftgekuhltparts\/"]}]}},"_links":{"self":[{"href":"https:\/\/www.luftgekuhltparts.com\/de\/wp-json\/wp\/v2\/product\/38780","targetHints":{"allow":["GET"]}}],"collection":[{"href":"https:\/\/www.luftgekuhltparts.com\/de\/wp-json\/wp\/v2\/product"}],"about":[{"href":"https:\/\/www.luftgekuhltparts.com\/de\/wp-json\/wp\/v2\/types\/product"}],"replies":[{"embeddable":true,"href":"https:\/\/www.luftgekuhltparts.com\/de\/wp-json\/wp\/v2\/comments?post=38780"}],"wp:featuredmedia":[{"embeddable":true,"href":"https:\/\/www.luftgekuhltparts.com\/de\/wp-json\/wp\/v2\/media\/95572"}],"wp:attachment":[{"href":"https:\/\/www.luftgekuhltparts.com\/de\/wp-json\/wp\/v2\/media?parent=38780"}],"wp:term":[{"taxonomy":"product_brand","embeddable":true,"href":"https:\/\/www.luftgekuhltparts.com\/de\/wp-json\/wp\/v2\/product_brand?post=38780"},{"taxonomy":"product_cat","embeddable":true,"href":"https:\/\/www.luftgekuhltparts.com\/de\/wp-json\/wp\/v2\/product_cat?post=38780"},{"taxonomy":"product_tag","embeddable":true,"href":"https:\/\/www.luftgekuhltparts.com\/de\/wp-json\/wp\/v2\/product_tag?post=38780"},{"taxonomy":"supplier","embeddable":true,"href":"https:\/\/www.luftgekuhltparts.com\/de\/wp-json\/wp\/v2\/supplier?post=38780"}],"curies":[{"name":"wp","href":"https:\/\/api.w.org\/{rel}","templated":true}]}}