{"id":39252,"date":"2025-05-15T10:20:28","date_gmt":"2025-05-15T10:20:28","guid":{"rendered":"https:\/\/luftgekuhltparts.wouwfactor.com\/product\/coolant-hose-from-water-pump-to-radiator-and-extra-water-pump-2\/"},"modified":"2025-09-17T15:09:58","modified_gmt":"2025-09-17T15:09:58","slug":"coolant-hose-from-water-pump-to-radiator-and-extra-water-pump-2","status":"publish","type":"product","link":"https:\/\/www.luftgekuhltparts.com\/de\/product\/coolant-hose-from-water-pump-to-radiator-and-extra-water-pump-2\/","title":{"rendered":"K\u00fchlmittelschlauch von der Wasserpumpe zum K\u00fchler und zus\u00e4tzliche Wasserpumpe"},"content":{"rendered":"<p>BBT keeps working to enlarge our wide range of coolant hoses for Type 25 water-cooled engines. The coolant hoses are always less available as spare part and even good second-hand ones are sold at high prices on online markets. The BBT purchase team has made some intensive research to present all types of coolant hoses at the perfect price\/quality ratio. We have now a good alternative to replace your hardened and\/or broken item. The rubber hoses are sold each from stock and the original spring clips are also available each from stock.<\/p>","protected":false},"excerpt":{"rendered":"<p>BBT keeps working to enlarge our wide range of coolant hoses for Type 25 water-cooled engines. The coolant hoses are<\/p>","protected":false},"featured_media":96498,"comment_status":"open","ping_status":"open","template":"","meta":[],"product_brand":[],"product_cat":[423,75,138],"product_tag":[],"supplier":[7219],"class_list":{"0":"post-39252","1":"product","2":"type-product","3":"status-publish","4":"has-post-thumbnail","6":"product_cat-coolant-pipes-accessories","7":"product_cat-engine","8":"product_cat-water-cooling","9":"pa_brand-produced-by-bbt","10":"pa_model-1600cc-td","11":"pa_model-type-25","12":"pa_oem-068-121-073h","13":"pa_vehicle-type-vanagon-t25-t-watercooled","14":"supplier-bbt","16":"first","17":"outofstock","18":"taxable","19":"shipping-taxable","20":"purchasable","21":"product-type-simple"},"yoast_head":"<!-- This site is optimized with the Yoast SEO plugin v27.3 - https:\/\/yoast.com\/product\/yoast-seo-wordpress\/ -->\n<title>Coolant hose from water pump to radiator and extra water pump - Luftgekuhltparts.com<\/title>\n<meta name=\"description\" content=\"Coolant hose from water pump to radiator and extra water pump for Volkswagen Type 25, 1600cc TD | OEM VW parts | Luftgekuhlt Parts\" \/>\n<meta name=\"robots\" content=\"index, follow, max-snippet:-1, max-image-preview:large, max-video-preview:-1\" \/>\n<link rel=\"canonical\" href=\"https:\/\/www.luftgekuhltparts.com\/de\/product\/coolant-hose-from-water-pump-to-radiator-and-extra-water-pump-2\/\" \/>\n<meta property=\"og:locale\" content=\"de_DE\" \/>\n<meta property=\"og:type\" content=\"article\" \/>\n<meta property=\"og:title\" content=\"Coolant hose from water pump to radiator and extra water pump - Luftgekuhltparts.com\" \/>\n<meta property=\"og:description\" content=\"Coolant hose from water pump to radiator and extra water pump for Volkswagen Type 25, 1600cc TD | OEM VW parts | Luftgekuhlt Parts\" \/>\n<meta property=\"og:url\" content=\"https:\/\/www.luftgekuhltparts.com\/de\/product\/coolant-hose-from-water-pump-to-radiator-and-extra-water-pump-2\/\" \/>\n<meta property=\"og:site_name\" content=\"Luftgekuhltparts.com\" \/>\n<meta property=\"article:publisher\" content=\"https:\/\/www.facebook.com\/LUFTGEKUHLTParts\/\" \/>\n<meta property=\"article:modified_time\" content=\"2025-09-17T15:09:58+00:00\" \/>\n<meta property=\"og:image\" content=\"https:\/\/www.luftgekuhltparts.com\/wp-content\/uploads\/2025\/07\/16041.21cce939_1.jpg\" \/>\n\t<meta property=\"og:image:width\" content=\"640\" \/>\n\t<meta property=\"og:image:height\" content=\"640\" \/>\n\t<meta property=\"og:image:type\" content=\"image\/jpeg\" \/>\n<meta name=\"twitter:card\" content=\"summary_large_image\" \/>\n<script type=\"application\/ld+json\" class=\"yoast-schema-graph\">{\"@context\":\"https:\\\/\\\/schema.org\",\"@graph\":[{\"@type\":\"WebPage\",\"@id\":\"https:\\\/\\\/www.luftgekuhltparts.com\\\/product\\\/coolant-hose-from-water-pump-to-radiator-and-extra-water-pump-2\\\/\",\"url\":\"https:\\\/\\\/www.luftgekuhltparts.com\\\/product\\\/coolant-hose-from-water-pump-to-radiator-and-extra-water-pump-2\\\/\",\"name\":\"Coolant hose from water pump to radiator and extra water pump - Luftgekuhltparts.com\",\"isPartOf\":{\"@id\":\"https:\\\/\\\/www.luftgekuhltparts.com\\\/#website\"},\"primaryImageOfPage\":{\"@id\":\"https:\\\/\\\/www.luftgekuhltparts.com\\\/product\\\/coolant-hose-from-water-pump-to-radiator-and-extra-water-pump-2\\\/#primaryimage\"},\"image\":{\"@id\":\"https:\\\/\\\/www.luftgekuhltparts.com\\\/product\\\/coolant-hose-from-water-pump-to-radiator-and-extra-water-pump-2\\\/#primaryimage\"},\"thumbnailUrl\":\"https:\\\/\\\/www.luftgekuhltparts.com\\\/wp-content\\\/uploads\\\/2025\\\/07\\\/16041.21cce939_1.jpg\",\"datePublished\":\"2025-05-15T10:20:28+00:00\",\"dateModified\":\"2025-09-17T15:09:58+00:00\",\"description\":\"Coolant hose from water pump to radiator and extra water pump for Volkswagen Type 25, 1600cc TD | OEM VW parts | Luftgekuhlt Parts\",\"breadcrumb\":{\"@id\":\"https:\\\/\\\/www.luftgekuhltparts.com\\\/product\\\/coolant-hose-from-water-pump-to-radiator-and-extra-water-pump-2\\\/#breadcrumb\"},\"inLanguage\":\"de\",\"potentialAction\":[{\"@type\":\"ReadAction\",\"target\":[\"https:\\\/\\\/www.luftgekuhltparts.com\\\/product\\\/coolant-hose-from-water-pump-to-radiator-and-extra-water-pump-2\\\/\"]}]},{\"@type\":\"ImageObject\",\"inLanguage\":\"de\",\"@id\":\"https:\\\/\\\/www.luftgekuhltparts.com\\\/product\\\/coolant-hose-from-water-pump-to-radiator-and-extra-water-pump-2\\\/#primaryimage\",\"url\":\"https:\\\/\\\/www.luftgekuhltparts.com\\\/wp-content\\\/uploads\\\/2025\\\/07\\\/16041.21cce939_1.jpg\",\"contentUrl\":\"https:\\\/\\\/www.luftgekuhltparts.com\\\/wp-content\\\/uploads\\\/2025\\\/07\\\/16041.21cce939_1.jpg\",\"width\":640,\"height\":640},{\"@type\":\"BreadcrumbList\",\"@id\":\"https:\\\/\\\/www.luftgekuhltparts.com\\\/product\\\/coolant-hose-from-water-pump-to-radiator-and-extra-water-pump-2\\\/#breadcrumb\",\"itemListElement\":[{\"@type\":\"ListItem\",\"position\":1,\"name\":\"Home\",\"item\":\"https:\\\/\\\/www.luftgekuhltparts.com\\\/\"},{\"@type\":\"ListItem\",\"position\":2,\"name\":\"Shop\",\"item\":\"https:\\\/\\\/www.luftgekuhltparts.com\\\/shop\\\/\"},{\"@type\":\"ListItem\",\"position\":3,\"name\":\"Coolant hose from water pump to radiator and extra water pump\"}]},{\"@type\":\"WebSite\",\"@id\":\"https:\\\/\\\/www.luftgekuhltparts.com\\\/#website\",\"url\":\"https:\\\/\\\/www.luftgekuhltparts.com\\\/\",\"name\":\"Luftgekuhltparts.com\",\"description\":\"\",\"publisher\":{\"@id\":\"https:\\\/\\\/www.luftgekuhltparts.com\\\/#organization\"},\"potentialAction\":[{\"@type\":\"SearchAction\",\"target\":{\"@type\":\"EntryPoint\",\"urlTemplate\":\"https:\\\/\\\/www.luftgekuhltparts.com\\\/?s={search_term_string}\"},\"query-input\":{\"@type\":\"PropertyValueSpecification\",\"valueRequired\":true,\"valueName\":\"search_term_string\"}}],\"inLanguage\":\"de\"},{\"@type\":\"Organization\",\"@id\":\"https:\\\/\\\/www.luftgekuhltparts.com\\\/#organization\",\"name\":\"Luftgekuhltparts.com\",\"url\":\"https:\\\/\\\/www.luftgekuhltparts.com\\\/\",\"logo\":{\"@type\":\"ImageObject\",\"inLanguage\":\"de\",\"@id\":\"https:\\\/\\\/www.luftgekuhltparts.com\\\/#\\\/schema\\\/logo\\\/image\\\/\",\"url\":\"https:\\\/\\\/www.luftgekuhltparts.com\\\/wp-content\\\/uploads\\\/2024\\\/02\\\/logo.png\",\"contentUrl\":\"https:\\\/\\\/www.luftgekuhltparts.com\\\/wp-content\\\/uploads\\\/2024\\\/02\\\/logo.png\",\"width\":500,\"height\":549,\"caption\":\"Luftgekuhltparts.com\"},\"image\":{\"@id\":\"https:\\\/\\\/www.luftgekuhltparts.com\\\/#\\\/schema\\\/logo\\\/image\\\/\"},\"sameAs\":[\"https:\\\/\\\/www.facebook.com\\\/LUFTGEKUHLTParts\\\/\",\"https:\\\/\\\/nl.pinterest.com\\\/luftgekuhltparts\\\/\"]}]}<\/script>\n<!-- \/ Yoast SEO plugin. -->","yoast_head_json":{"title":"Coolant hose from water pump to radiator and extra water pump - Luftgekuhltparts.com","description":"Coolant hose from water pump to radiator and extra water pump for Volkswagen Type 25, 1600cc TD | OEM VW parts | Luftgekuhlt Parts","robots":{"index":"index","follow":"follow","max-snippet":"max-snippet:-1","max-image-preview":"max-image-preview:large","max-video-preview":"max-video-preview:-1"},"canonical":"https:\/\/www.luftgekuhltparts.com\/de\/product\/coolant-hose-from-water-pump-to-radiator-and-extra-water-pump-2\/","og_locale":"de_DE","og_type":"article","og_title":"Coolant hose from water pump to radiator and extra water pump - Luftgekuhltparts.com","og_description":"Coolant hose from water pump to radiator and extra water pump for Volkswagen Type 25, 1600cc TD | OEM VW parts | Luftgekuhlt Parts","og_url":"https:\/\/www.luftgekuhltparts.com\/de\/product\/coolant-hose-from-water-pump-to-radiator-and-extra-water-pump-2\/","og_site_name":"Luftgekuhltparts.com","article_publisher":"https:\/\/www.facebook.com\/LUFTGEKUHLTParts\/","article_modified_time":"2025-09-17T15:09:58+00:00","og_image":[{"width":640,"height":640,"url":"https:\/\/www.luftgekuhltparts.com\/wp-content\/uploads\/2025\/07\/16041.21cce939_1.jpg","type":"image\/jpeg"}],"twitter_card":"summary_large_image","schema":{"@context":"https:\/\/schema.org","@graph":[{"@type":"WebPage","@id":"https:\/\/www.luftgekuhltparts.com\/product\/coolant-hose-from-water-pump-to-radiator-and-extra-water-pump-2\/","url":"https:\/\/www.luftgekuhltparts.com\/product\/coolant-hose-from-water-pump-to-radiator-and-extra-water-pump-2\/","name":"Coolant hose from water pump to radiator and extra water pump - Luftgekuhltparts.com","isPartOf":{"@id":"https:\/\/www.luftgekuhltparts.com\/#website"},"primaryImageOfPage":{"@id":"https:\/\/www.luftgekuhltparts.com\/product\/coolant-hose-from-water-pump-to-radiator-and-extra-water-pump-2\/#primaryimage"},"image":{"@id":"https:\/\/www.luftgekuhltparts.com\/product\/coolant-hose-from-water-pump-to-radiator-and-extra-water-pump-2\/#primaryimage"},"thumbnailUrl":"https:\/\/www.luftgekuhltparts.com\/wp-content\/uploads\/2025\/07\/16041.21cce939_1.jpg","datePublished":"2025-05-15T10:20:28+00:00","dateModified":"2025-09-17T15:09:58+00:00","description":"Coolant hose from water pump to radiator and extra water pump for Volkswagen Type 25, 1600cc TD | OEM VW parts | Luftgekuhlt Parts","breadcrumb":{"@id":"https:\/\/www.luftgekuhltparts.com\/product\/coolant-hose-from-water-pump-to-radiator-and-extra-water-pump-2\/#breadcrumb"},"inLanguage":"de","potentialAction":[{"@type":"ReadAction","target":["https:\/\/www.luftgekuhltparts.com\/product\/coolant-hose-from-water-pump-to-radiator-and-extra-water-pump-2\/"]}]},{"@type":"ImageObject","inLanguage":"de","@id":"https:\/\/www.luftgekuhltparts.com\/product\/coolant-hose-from-water-pump-to-radiator-and-extra-water-pump-2\/#primaryimage","url":"https:\/\/www.luftgekuhltparts.com\/wp-content\/uploads\/2025\/07\/16041.21cce939_1.jpg","contentUrl":"https:\/\/www.luftgekuhltparts.com\/wp-content\/uploads\/2025\/07\/16041.21cce939_1.jpg","width":640,"height":640},{"@type":"BreadcrumbList","@id":"https:\/\/www.luftgekuhltparts.com\/product\/coolant-hose-from-water-pump-to-radiator-and-extra-water-pump-2\/#breadcrumb","itemListElement":[{"@type":"ListItem","position":1,"name":"Home","item":"https:\/\/www.luftgekuhltparts.com\/"},{"@type":"ListItem","position":2,"name":"Shop","item":"https:\/\/www.luftgekuhltparts.com\/shop\/"},{"@type":"ListItem","position":3,"name":"Coolant hose from water pump to radiator and extra water pump"}]},{"@type":"WebSite","@id":"https:\/\/www.luftgekuhltparts.com\/#website","url":"https:\/\/www.luftgekuhltparts.com\/","name":"Luftgekuhltparts.com","description":"","publisher":{"@id":"https:\/\/www.luftgekuhltparts.com\/#organization"},"potentialAction":[{"@type":"SearchAction","target":{"@type":"EntryPoint","urlTemplate":"https:\/\/www.luftgekuhltparts.com\/?s={search_term_string}"},"query-input":{"@type":"PropertyValueSpecification","valueRequired":true,"valueName":"search_term_string"}}],"inLanguage":"de"},{"@type":"Organization","@id":"https:\/\/www.luftgekuhltparts.com\/#organization","name":"Luftgekuhltparts.com","url":"https:\/\/www.luftgekuhltparts.com\/","logo":{"@type":"ImageObject","inLanguage":"de","@id":"https:\/\/www.luftgekuhltparts.com\/#\/schema\/logo\/image\/","url":"https:\/\/www.luftgekuhltparts.com\/wp-content\/uploads\/2024\/02\/logo.png","contentUrl":"https:\/\/www.luftgekuhltparts.com\/wp-content\/uploads\/2024\/02\/logo.png","width":500,"height":549,"caption":"Luftgekuhltparts.com"},"image":{"@id":"https:\/\/www.luftgekuhltparts.com\/#\/schema\/logo\/image\/"},"sameAs":["https:\/\/www.facebook.com\/LUFTGEKUHLTParts\/","https:\/\/nl.pinterest.com\/luftgekuhltparts\/"]}]}},"_links":{"self":[{"href":"https:\/\/www.luftgekuhltparts.com\/de\/wp-json\/wp\/v2\/product\/39252","targetHints":{"allow":["GET"]}}],"collection":[{"href":"https:\/\/www.luftgekuhltparts.com\/de\/wp-json\/wp\/v2\/product"}],"about":[{"href":"https:\/\/www.luftgekuhltparts.com\/de\/wp-json\/wp\/v2\/types\/product"}],"replies":[{"embeddable":true,"href":"https:\/\/www.luftgekuhltparts.com\/de\/wp-json\/wp\/v2\/comments?post=39252"}],"wp:featuredmedia":[{"embeddable":true,"href":"https:\/\/www.luftgekuhltparts.com\/de\/wp-json\/wp\/v2\/media\/96498"}],"wp:attachment":[{"href":"https:\/\/www.luftgekuhltparts.com\/de\/wp-json\/wp\/v2\/media?parent=39252"}],"wp:term":[{"taxonomy":"product_brand","embeddable":true,"href":"https:\/\/www.luftgekuhltparts.com\/de\/wp-json\/wp\/v2\/product_brand?post=39252"},{"taxonomy":"product_cat","embeddable":true,"href":"https:\/\/www.luftgekuhltparts.com\/de\/wp-json\/wp\/v2\/product_cat?post=39252"},{"taxonomy":"product_tag","embeddable":true,"href":"https:\/\/www.luftgekuhltparts.com\/de\/wp-json\/wp\/v2\/product_tag?post=39252"},{"taxonomy":"supplier","embeddable":true,"href":"https:\/\/www.luftgekuhltparts.com\/de\/wp-json\/wp\/v2\/supplier?post=39252"}],"curies":[{"name":"wp","href":"https:\/\/api.w.org\/{rel}","templated":true}]}}