{"id":38897,"date":"2025-05-15T10:11:56","date_gmt":"2025-05-15T10:11:56","guid":{"rendered":"https:\/\/luftgekuhltparts.wouwfactor.com\/product\/speedometer-light-bulb-holder-screw-connection\/"},"modified":"2026-02-27T12:09:14","modified_gmt":"2026-02-27T12:09:14","slug":"soporte-de-la-bombilla-del-velocimetro-union-roscada","status":"publish","type":"product","link":"https:\/\/www.luftgekuhltparts.com\/es\/product\/speedometer-light-bulb-holder-screw-connection\/","title":{"rendered":"Portabombillas del veloc\u00edmetro, conexi\u00f3n roscada"},"content":{"rendered":"","protected":false},"excerpt":{"rendered":"","protected":false},"featured_media":70568,"comment_status":"open","ping_status":"open","template":"","meta":[],"product_brand":[],"product_cat":[104,73,256],"product_tag":[],"supplier":[7219],"class_list":{"0":"post-38897","1":"product","2":"type-product","3":"status-publish","4":"has-post-thumbnail","6":"product_cat-cockpit","7":"product_cat-electrical-section","8":"product_cat-gauges-parts","9":"pa_model-beetle","10":"pa_model-bus","11":"pa_oem-n-17601-1","12":"pa_vehicle-type-beetle-bug","13":"pa_vehicle-type-karmann-ghia","14":"pa_vehicle-type-porsche","15":"pa_vehicle-type-split-t1","16":"pa_vehicle-type-type-3","17":"supplier-bbt","19":"first","20":"instock","21":"taxable","22":"shipping-taxable","23":"purchasable","24":"product-type-simple"},"yoast_head":"<!-- This site is optimized with the Yoast SEO plugin v27.3 - https:\/\/yoast.com\/product\/yoast-seo-wordpress\/ -->\n<title>Speedometer light bulb holder, screw connection - Luftgekuhltparts.com<\/title>\n<meta name=\"description\" content=\"Speedometer light bulb holder, screw connection for Volkswagen Beetle, Bus | OEM VW parts | Luftgekuhlt Parts\" \/>\n<meta name=\"robots\" content=\"index, follow, max-snippet:-1, max-image-preview:large, max-video-preview:-1\" \/>\n<link rel=\"canonical\" href=\"https:\/\/www.luftgekuhltparts.com\/es\/product\/soporte-de-la-bombilla-del-velocimetro-union-roscada\/\" \/>\n<meta property=\"og:locale\" content=\"es_ES\" \/>\n<meta property=\"og:type\" content=\"article\" \/>\n<meta property=\"og:title\" content=\"Speedometer light bulb holder, screw connection - Luftgekuhltparts.com\" \/>\n<meta property=\"og:description\" content=\"Speedometer light bulb holder, screw connection for Volkswagen Beetle, Bus | OEM VW parts | Luftgekuhlt Parts\" \/>\n<meta property=\"og:url\" content=\"https:\/\/www.luftgekuhltparts.com\/es\/product\/soporte-de-la-bombilla-del-velocimetro-union-roscada\/\" \/>\n<meta property=\"og:site_name\" content=\"Luftgekuhltparts.com\" \/>\n<meta property=\"article:publisher\" content=\"https:\/\/www.facebook.com\/LUFTGEKUHLTParts\/\" \/>\n<meta property=\"article:modified_time\" content=\"2026-02-27T12:09:14+00:00\" \/>\n<meta property=\"og:image\" content=\"https:\/\/www.luftgekuhltparts.com\/wp-content\/uploads\/2025\/05\/2692-040.jpg\" \/>\n\t<meta property=\"og:image:width\" content=\"1500\" \/>\n\t<meta property=\"og:image:height\" content=\"1500\" \/>\n\t<meta property=\"og:image:type\" content=\"image\/jpeg\" \/>\n<meta name=\"twitter:card\" content=\"summary_large_image\" \/>\n<script type=\"application\/ld+json\" class=\"yoast-schema-graph\">{\"@context\":\"https:\\\/\\\/schema.org\",\"@graph\":[{\"@type\":\"WebPage\",\"@id\":\"https:\\\/\\\/www.luftgekuhltparts.com\\\/product\\\/speedometer-light-bulb-holder-screw-connection\\\/\",\"url\":\"https:\\\/\\\/www.luftgekuhltparts.com\\\/product\\\/speedometer-light-bulb-holder-screw-connection\\\/\",\"name\":\"Speedometer light bulb holder, screw connection - Luftgekuhltparts.com\",\"isPartOf\":{\"@id\":\"https:\\\/\\\/www.luftgekuhltparts.com\\\/#website\"},\"primaryImageOfPage\":{\"@id\":\"https:\\\/\\\/www.luftgekuhltparts.com\\\/product\\\/speedometer-light-bulb-holder-screw-connection\\\/#primaryimage\"},\"image\":{\"@id\":\"https:\\\/\\\/www.luftgekuhltparts.com\\\/product\\\/speedometer-light-bulb-holder-screw-connection\\\/#primaryimage\"},\"thumbnailUrl\":\"https:\\\/\\\/www.luftgekuhltparts.com\\\/wp-content\\\/uploads\\\/2025\\\/05\\\/2692-040.jpg\",\"datePublished\":\"2025-05-15T10:11:56+00:00\",\"dateModified\":\"2026-02-27T12:09:14+00:00\",\"description\":\"Speedometer light bulb holder, screw connection for Volkswagen Beetle, Bus | OEM VW parts | Luftgekuhlt Parts\",\"breadcrumb\":{\"@id\":\"https:\\\/\\\/www.luftgekuhltparts.com\\\/product\\\/speedometer-light-bulb-holder-screw-connection\\\/#breadcrumb\"},\"inLanguage\":\"es\",\"potentialAction\":[{\"@type\":\"ReadAction\",\"target\":[\"https:\\\/\\\/www.luftgekuhltparts.com\\\/product\\\/speedometer-light-bulb-holder-screw-connection\\\/\"]}]},{\"@type\":\"ImageObject\",\"inLanguage\":\"es\",\"@id\":\"https:\\\/\\\/www.luftgekuhltparts.com\\\/product\\\/speedometer-light-bulb-holder-screw-connection\\\/#primaryimage\",\"url\":\"https:\\\/\\\/www.luftgekuhltparts.com\\\/wp-content\\\/uploads\\\/2025\\\/05\\\/2692-040.jpg\",\"contentUrl\":\"https:\\\/\\\/www.luftgekuhltparts.com\\\/wp-content\\\/uploads\\\/2025\\\/05\\\/2692-040.jpg\",\"width\":1500,\"height\":1500},{\"@type\":\"BreadcrumbList\",\"@id\":\"https:\\\/\\\/www.luftgekuhltparts.com\\\/product\\\/speedometer-light-bulb-holder-screw-connection\\\/#breadcrumb\",\"itemListElement\":[{\"@type\":\"ListItem\",\"position\":1,\"name\":\"Home\",\"item\":\"https:\\\/\\\/www.luftgekuhltparts.com\\\/\"},{\"@type\":\"ListItem\",\"position\":2,\"name\":\"Shop\",\"item\":\"https:\\\/\\\/www.luftgekuhltparts.com\\\/shop\\\/\"},{\"@type\":\"ListItem\",\"position\":3,\"name\":\"Speedometer light bulb holder, screw connection\"}]},{\"@type\":\"WebSite\",\"@id\":\"https:\\\/\\\/www.luftgekuhltparts.com\\\/#website\",\"url\":\"https:\\\/\\\/www.luftgekuhltparts.com\\\/\",\"name\":\"Luftgekuhltparts.com\",\"description\":\"\",\"publisher\":{\"@id\":\"https:\\\/\\\/www.luftgekuhltparts.com\\\/#organization\"},\"potentialAction\":[{\"@type\":\"SearchAction\",\"target\":{\"@type\":\"EntryPoint\",\"urlTemplate\":\"https:\\\/\\\/www.luftgekuhltparts.com\\\/?s={search_term_string}\"},\"query-input\":{\"@type\":\"PropertyValueSpecification\",\"valueRequired\":true,\"valueName\":\"search_term_string\"}}],\"inLanguage\":\"es\"},{\"@type\":\"Organization\",\"@id\":\"https:\\\/\\\/www.luftgekuhltparts.com\\\/#organization\",\"name\":\"Luftgekuhltparts.com\",\"url\":\"https:\\\/\\\/www.luftgekuhltparts.com\\\/\",\"logo\":{\"@type\":\"ImageObject\",\"inLanguage\":\"es\",\"@id\":\"https:\\\/\\\/www.luftgekuhltparts.com\\\/#\\\/schema\\\/logo\\\/image\\\/\",\"url\":\"https:\\\/\\\/www.luftgekuhltparts.com\\\/wp-content\\\/uploads\\\/2024\\\/02\\\/logo.png\",\"contentUrl\":\"https:\\\/\\\/www.luftgekuhltparts.com\\\/wp-content\\\/uploads\\\/2024\\\/02\\\/logo.png\",\"width\":500,\"height\":549,\"caption\":\"Luftgekuhltparts.com\"},\"image\":{\"@id\":\"https:\\\/\\\/www.luftgekuhltparts.com\\\/#\\\/schema\\\/logo\\\/image\\\/\"},\"sameAs\":[\"https:\\\/\\\/www.facebook.com\\\/LUFTGEKUHLTParts\\\/\",\"https:\\\/\\\/nl.pinterest.com\\\/luftgekuhltparts\\\/\"]}]}<\/script>\n<!-- \/ Yoast SEO plugin. -->","yoast_head_json":{"title":"Portal\u00e1mparas para veloc\u00edmetro, atornillable - Luftgekuhltparts.com","description":"Porta bombilla veloc\u00edmetro, atornillable para Volkswagen Beetle, Bus | OEM VW parts | Luftgekuhlt Parts","robots":{"index":"index","follow":"follow","max-snippet":"max-snippet:-1","max-image-preview":"max-image-preview:large","max-video-preview":"max-video-preview:-1"},"canonical":"https:\/\/www.luftgekuhltparts.com\/es\/product\/soporte-de-la-bombilla-del-velocimetro-union-roscada\/","og_locale":"es_ES","og_type":"article","og_title":"Speedometer light bulb holder, screw connection - Luftgekuhltparts.com","og_description":"Speedometer light bulb holder, screw connection for Volkswagen Beetle, Bus | OEM VW parts | Luftgekuhlt Parts","og_url":"https:\/\/www.luftgekuhltparts.com\/es\/product\/soporte-de-la-bombilla-del-velocimetro-union-roscada\/","og_site_name":"Luftgekuhltparts.com","article_publisher":"https:\/\/www.facebook.com\/LUFTGEKUHLTParts\/","article_modified_time":"2026-02-27T12:09:14+00:00","og_image":[{"width":1500,"height":1500,"url":"https:\/\/www.luftgekuhltparts.com\/wp-content\/uploads\/2025\/05\/2692-040.jpg","type":"image\/jpeg"}],"twitter_card":"summary_large_image","schema":{"@context":"https:\/\/schema.org","@graph":[{"@type":"WebPage","@id":"https:\/\/www.luftgekuhltparts.com\/product\/speedometer-light-bulb-holder-screw-connection\/","url":"https:\/\/www.luftgekuhltparts.com\/product\/speedometer-light-bulb-holder-screw-connection\/","name":"Portal\u00e1mparas para veloc\u00edmetro, atornillable - Luftgekuhltparts.com","isPartOf":{"@id":"https:\/\/www.luftgekuhltparts.com\/#website"},"primaryImageOfPage":{"@id":"https:\/\/www.luftgekuhltparts.com\/product\/speedometer-light-bulb-holder-screw-connection\/#primaryimage"},"image":{"@id":"https:\/\/www.luftgekuhltparts.com\/product\/speedometer-light-bulb-holder-screw-connection\/#primaryimage"},"thumbnailUrl":"https:\/\/www.luftgekuhltparts.com\/wp-content\/uploads\/2025\/05\/2692-040.jpg","datePublished":"2025-05-15T10:11:56+00:00","dateModified":"2026-02-27T12:09:14+00:00","description":"Porta bombilla veloc\u00edmetro, atornillable para Volkswagen Beetle, Bus | OEM VW parts | Luftgekuhlt Parts","breadcrumb":{"@id":"https:\/\/www.luftgekuhltparts.com\/product\/speedometer-light-bulb-holder-screw-connection\/#breadcrumb"},"inLanguage":"es","potentialAction":[{"@type":"ReadAction","target":["https:\/\/www.luftgekuhltparts.com\/product\/speedometer-light-bulb-holder-screw-connection\/"]}]},{"@type":"ImageObject","inLanguage":"es","@id":"https:\/\/www.luftgekuhltparts.com\/product\/speedometer-light-bulb-holder-screw-connection\/#primaryimage","url":"https:\/\/www.luftgekuhltparts.com\/wp-content\/uploads\/2025\/05\/2692-040.jpg","contentUrl":"https:\/\/www.luftgekuhltparts.com\/wp-content\/uploads\/2025\/05\/2692-040.jpg","width":1500,"height":1500},{"@type":"BreadcrumbList","@id":"https:\/\/www.luftgekuhltparts.com\/product\/speedometer-light-bulb-holder-screw-connection\/#breadcrumb","itemListElement":[{"@type":"ListItem","position":1,"name":"Home","item":"https:\/\/www.luftgekuhltparts.com\/"},{"@type":"ListItem","position":2,"name":"Shop","item":"https:\/\/www.luftgekuhltparts.com\/shop\/"},{"@type":"ListItem","position":3,"name":"Speedometer light bulb holder, screw connection"}]},{"@type":"WebSite","@id":"https:\/\/www.luftgekuhltparts.com\/#website","url":"https:\/\/www.luftgekuhltparts.com\/","name":"Luftgekuhltparts.com","description":"","publisher":{"@id":"https:\/\/www.luftgekuhltparts.com\/#organization"},"potentialAction":[{"@type":"SearchAction","target":{"@type":"EntryPoint","urlTemplate":"https:\/\/www.luftgekuhltparts.com\/?s={search_term_string}"},"query-input":{"@type":"PropertyValueSpecification","valueRequired":true,"valueName":"search_term_string"}}],"inLanguage":"es"},{"@type":"Organization","@id":"https:\/\/www.luftgekuhltparts.com\/#organization","name":"Luftgekuhltparts.com","url":"https:\/\/www.luftgekuhltparts.com\/","logo":{"@type":"ImageObject","inLanguage":"es","@id":"https:\/\/www.luftgekuhltparts.com\/#\/schema\/logo\/image\/","url":"https:\/\/www.luftgekuhltparts.com\/wp-content\/uploads\/2024\/02\/logo.png","contentUrl":"https:\/\/www.luftgekuhltparts.com\/wp-content\/uploads\/2024\/02\/logo.png","width":500,"height":549,"caption":"Luftgekuhltparts.com"},"image":{"@id":"https:\/\/www.luftgekuhltparts.com\/#\/schema\/logo\/image\/"},"sameAs":["https:\/\/www.facebook.com\/LUFTGEKUHLTParts\/","https:\/\/nl.pinterest.com\/luftgekuhltparts\/"]}]}},"_links":{"self":[{"href":"https:\/\/www.luftgekuhltparts.com\/es\/wp-json\/wp\/v2\/product\/38897","targetHints":{"allow":["GET"]}}],"collection":[{"href":"https:\/\/www.luftgekuhltparts.com\/es\/wp-json\/wp\/v2\/product"}],"about":[{"href":"https:\/\/www.luftgekuhltparts.com\/es\/wp-json\/wp\/v2\/types\/product"}],"replies":[{"embeddable":true,"href":"https:\/\/www.luftgekuhltparts.com\/es\/wp-json\/wp\/v2\/comments?post=38897"}],"wp:featuredmedia":[{"embeddable":true,"href":"https:\/\/www.luftgekuhltparts.com\/es\/wp-json\/wp\/v2\/media\/70568"}],"wp:attachment":[{"href":"https:\/\/www.luftgekuhltparts.com\/es\/wp-json\/wp\/v2\/media?parent=38897"}],"wp:term":[{"taxonomy":"product_brand","embeddable":true,"href":"https:\/\/www.luftgekuhltparts.com\/es\/wp-json\/wp\/v2\/product_brand?post=38897"},{"taxonomy":"product_cat","embeddable":true,"href":"https:\/\/www.luftgekuhltparts.com\/es\/wp-json\/wp\/v2\/product_cat?post=38897"},{"taxonomy":"product_tag","embeddable":true,"href":"https:\/\/www.luftgekuhltparts.com\/es\/wp-json\/wp\/v2\/product_tag?post=38897"},{"taxonomy":"supplier","embeddable":true,"href":"https:\/\/www.luftgekuhltparts.com\/es\/wp-json\/wp\/v2\/supplier?post=38897"}],"curies":[{"name":"wp","href":"https:\/\/api.w.org\/{rel}","templated":true}]}}