{"id":35383,"date":"2025-07-16T14:22:39","date_gmt":"2025-07-16T14:22:39","guid":{"rendered":"https:\/\/luftgekuhltparts.wouwfactor.com\/product\/rear-corner-complete-left\/"},"modified":"2025-08-14T00:08:32","modified_gmt":"2025-08-14T00:08:32","slug":"rear-corner-complete-left","status":"publish","type":"product","link":"https:\/\/www.luftgekuhltparts.com\/fr\/product\/rear-corner-complete-left\/","title":{"rendered":"Coin arri\u00e8re complet, gauche"},"content":{"rendered":"<p>Coins arri\u00e8re pour bus \u00e0 fen\u00eatre divis\u00e9e. Jusqu'\u00e0 pr\u00e9sent, cette partie a \u00e9t\u00e9 la plus difficile \u00e0 d\u00e9velopper, elle s'est tromp\u00e9e deux fois et nous avons re\u00e7u une s\u00e9rieuse le\u00e7on sur le rayon des lignes de ceinture de la part de plusieurs m\u00e9tallurgistes et soudeurs de haut niveau. Le rayon ci-dessous a \u00e9galement \u00e9t\u00e9 un v\u00e9ritable casse-t\u00eate. De plus, il n'a pas \u00e9t\u00e9 facile de d\u00e9terminer l'emplacement exact et les mod\u00e8les de feux arri\u00e8re car les bus fabriqu\u00e9s pour les Etats-Unis n'ont pas toujours \u00e9t\u00e9 modifi\u00e9s en m\u00eame temps que les bus europ\u00e9ens ou vice versa. Oui, c'est certain ! Ce coin n'est pas seulement le coin le mieux adapt\u00e9 que l'on puisse acheter, mais c'est aussi le coin le plus correct sur le march\u00e9 ! Avec tous les trous corrects pour votre feu arri\u00e8re dans la bonne position...<\/p>","protected":false},"excerpt":{"rendered":"<p>Rear corners for split window bus. Till now this was the most difficult part to develop, it went wrong twice<\/p>","protected":false},"featured_media":95877,"comment_status":"open","ping_status":"open","template":"","meta":[],"product_brand":[],"product_cat":[76,320,111],"product_tag":[],"supplier":[7219],"class_list":{"0":"post-35383","1":"product","2":"type-product","3":"status-publish","4":"has-post-thumbnail","6":"product_cat-body-panels","7":"product_cat-corners","8":"product_cat-rear-corners","9":"pa_brand-silver-weld-through","10":"pa_model-bus-03-55-05-57","11":"pa_oem-211-813-355","12":"pa_vehicle-type-split-t1","13":"supplier-bbt","15":"first","16":"instock","17":"taxable","18":"shipping-taxable","19":"purchasable","20":"product-type-simple"},"yoast_head":"<!-- This site is optimized with the Yoast SEO plugin v27.3 - https:\/\/yoast.com\/product\/yoast-seo-wordpress\/ -->\n<title>Rear corner complete, left - Luftgekuhltparts.com<\/title>\n<meta name=\"description\" content=\"Rear corner complete, left for Volkswagen Bus 03\/55-05\/57 | OEM VW parts | Luftgekuhlt Parts\" \/>\n<meta name=\"robots\" content=\"index, follow, max-snippet:-1, max-image-preview:large, max-video-preview:-1\" \/>\n<link rel=\"canonical\" href=\"https:\/\/www.luftgekuhltparts.com\/fr\/product\/rear-corner-complete-left\/\" \/>\n<meta property=\"og:locale\" content=\"fr_FR\" \/>\n<meta property=\"og:type\" content=\"article\" \/>\n<meta property=\"og:title\" content=\"Rear corner complete, left - Luftgekuhltparts.com\" \/>\n<meta property=\"og:description\" content=\"Rear corner complete, left for Volkswagen Bus 03\/55-05\/57 | OEM VW parts | Luftgekuhlt Parts\" \/>\n<meta property=\"og:url\" content=\"https:\/\/www.luftgekuhltparts.com\/fr\/product\/rear-corner-complete-left\/\" \/>\n<meta property=\"og:site_name\" content=\"Luftgekuhltparts.com\" \/>\n<meta property=\"article:publisher\" content=\"https:\/\/www.facebook.com\/LUFTGEKUHLTParts\/\" \/>\n<meta property=\"article:modified_time\" content=\"2025-08-14T00:08:32+00:00\" \/>\n<meta property=\"og:image\" content=\"https:\/\/www.luftgekuhltparts.com\/wp-content\/uploads\/2025\/07\/0890-363.21cce939_1.jpg\" \/>\n\t<meta property=\"og:image:width\" content=\"960\" \/>\n\t<meta property=\"og:image:height\" content=\"960\" \/>\n\t<meta property=\"og:image:type\" content=\"image\/jpeg\" \/>\n<meta name=\"twitter:card\" content=\"summary_large_image\" \/>\n<meta name=\"twitter:label1\" content=\"Dur\u00e9e de lecture estim\u00e9e\" \/>\n\t<meta name=\"twitter:data1\" content=\"1 minute\" \/>\n<script type=\"application\/ld+json\" class=\"yoast-schema-graph\">{\"@context\":\"https:\\\/\\\/schema.org\",\"@graph\":[{\"@type\":\"WebPage\",\"@id\":\"https:\\\/\\\/www.luftgekuhltparts.com\\\/product\\\/rear-corner-complete-left\\\/\",\"url\":\"https:\\\/\\\/www.luftgekuhltparts.com\\\/product\\\/rear-corner-complete-left\\\/\",\"name\":\"Rear corner complete, left - Luftgekuhltparts.com\",\"isPartOf\":{\"@id\":\"https:\\\/\\\/www.luftgekuhltparts.com\\\/#website\"},\"primaryImageOfPage\":{\"@id\":\"https:\\\/\\\/www.luftgekuhltparts.com\\\/product\\\/rear-corner-complete-left\\\/#primaryimage\"},\"image\":{\"@id\":\"https:\\\/\\\/www.luftgekuhltparts.com\\\/product\\\/rear-corner-complete-left\\\/#primaryimage\"},\"thumbnailUrl\":\"https:\\\/\\\/www.luftgekuhltparts.com\\\/wp-content\\\/uploads\\\/2025\\\/07\\\/0890-363.21cce939_1.jpg\",\"datePublished\":\"2025-07-16T14:22:39+00:00\",\"dateModified\":\"2025-08-14T00:08:32+00:00\",\"description\":\"Rear corner complete, left for Volkswagen Bus 03\\\/55-05\\\/57 | OEM VW parts | Luftgekuhlt Parts\",\"breadcrumb\":{\"@id\":\"https:\\\/\\\/www.luftgekuhltparts.com\\\/product\\\/rear-corner-complete-left\\\/#breadcrumb\"},\"inLanguage\":\"fr-FR\",\"potentialAction\":[{\"@type\":\"ReadAction\",\"target\":[\"https:\\\/\\\/www.luftgekuhltparts.com\\\/product\\\/rear-corner-complete-left\\\/\"]}]},{\"@type\":\"ImageObject\",\"inLanguage\":\"fr-FR\",\"@id\":\"https:\\\/\\\/www.luftgekuhltparts.com\\\/product\\\/rear-corner-complete-left\\\/#primaryimage\",\"url\":\"https:\\\/\\\/www.luftgekuhltparts.com\\\/wp-content\\\/uploads\\\/2025\\\/07\\\/0890-363.21cce939_1.jpg\",\"contentUrl\":\"https:\\\/\\\/www.luftgekuhltparts.com\\\/wp-content\\\/uploads\\\/2025\\\/07\\\/0890-363.21cce939_1.jpg\",\"width\":960,\"height\":960},{\"@type\":\"BreadcrumbList\",\"@id\":\"https:\\\/\\\/www.luftgekuhltparts.com\\\/product\\\/rear-corner-complete-left\\\/#breadcrumb\",\"itemListElement\":[{\"@type\":\"ListItem\",\"position\":1,\"name\":\"Home\",\"item\":\"https:\\\/\\\/www.luftgekuhltparts.com\\\/\"},{\"@type\":\"ListItem\",\"position\":2,\"name\":\"Shop\",\"item\":\"https:\\\/\\\/www.luftgekuhltparts.com\\\/shop\\\/\"},{\"@type\":\"ListItem\",\"position\":3,\"name\":\"Rear corner complete, left\"}]},{\"@type\":\"WebSite\",\"@id\":\"https:\\\/\\\/www.luftgekuhltparts.com\\\/#website\",\"url\":\"https:\\\/\\\/www.luftgekuhltparts.com\\\/\",\"name\":\"Luftgekuhltparts.com\",\"description\":\"\",\"publisher\":{\"@id\":\"https:\\\/\\\/www.luftgekuhltparts.com\\\/#organization\"},\"potentialAction\":[{\"@type\":\"SearchAction\",\"target\":{\"@type\":\"EntryPoint\",\"urlTemplate\":\"https:\\\/\\\/www.luftgekuhltparts.com\\\/?s={search_term_string}\"},\"query-input\":{\"@type\":\"PropertyValueSpecification\",\"valueRequired\":true,\"valueName\":\"search_term_string\"}}],\"inLanguage\":\"fr-FR\"},{\"@type\":\"Organization\",\"@id\":\"https:\\\/\\\/www.luftgekuhltparts.com\\\/#organization\",\"name\":\"Luftgekuhltparts.com\",\"url\":\"https:\\\/\\\/www.luftgekuhltparts.com\\\/\",\"logo\":{\"@type\":\"ImageObject\",\"inLanguage\":\"fr-FR\",\"@id\":\"https:\\\/\\\/www.luftgekuhltparts.com\\\/#\\\/schema\\\/logo\\\/image\\\/\",\"url\":\"https:\\\/\\\/www.luftgekuhltparts.com\\\/wp-content\\\/uploads\\\/2024\\\/02\\\/logo.png\",\"contentUrl\":\"https:\\\/\\\/www.luftgekuhltparts.com\\\/wp-content\\\/uploads\\\/2024\\\/02\\\/logo.png\",\"width\":500,\"height\":549,\"caption\":\"Luftgekuhltparts.com\"},\"image\":{\"@id\":\"https:\\\/\\\/www.luftgekuhltparts.com\\\/#\\\/schema\\\/logo\\\/image\\\/\"},\"sameAs\":[\"https:\\\/\\\/www.facebook.com\\\/LUFTGEKUHLTParts\\\/\",\"https:\\\/\\\/nl.pinterest.com\\\/luftgekuhltparts\\\/\"]}]}<\/script>\n<!-- \/ Yoast SEO plugin. -->","yoast_head_json":{"title":"Coin arri\u00e8re complet, gauche - Luftgekuhltparts.com","description":"Rear corner complete, left for Volkswagen Bus 03\/55-05\/57 | OEM VW parts | Luftgekuhlt Parts","robots":{"index":"index","follow":"follow","max-snippet":"max-snippet:-1","max-image-preview":"max-image-preview:large","max-video-preview":"max-video-preview:-1"},"canonical":"https:\/\/www.luftgekuhltparts.com\/fr\/product\/rear-corner-complete-left\/","og_locale":"fr_FR","og_type":"article","og_title":"Rear corner complete, left - Luftgekuhltparts.com","og_description":"Rear corner complete, left for Volkswagen Bus 03\/55-05\/57 | OEM VW parts | Luftgekuhlt Parts","og_url":"https:\/\/www.luftgekuhltparts.com\/fr\/product\/rear-corner-complete-left\/","og_site_name":"Luftgekuhltparts.com","article_publisher":"https:\/\/www.facebook.com\/LUFTGEKUHLTParts\/","article_modified_time":"2025-08-14T00:08:32+00:00","og_image":[{"width":960,"height":960,"url":"https:\/\/www.luftgekuhltparts.com\/wp-content\/uploads\/2025\/07\/0890-363.21cce939_1.jpg","type":"image\/jpeg"}],"twitter_card":"summary_large_image","twitter_misc":{"Dur\u00e9e de lecture estim\u00e9e":"1 minute"},"schema":{"@context":"https:\/\/schema.org","@graph":[{"@type":"WebPage","@id":"https:\/\/www.luftgekuhltparts.com\/product\/rear-corner-complete-left\/","url":"https:\/\/www.luftgekuhltparts.com\/product\/rear-corner-complete-left\/","name":"Coin arri\u00e8re complet, gauche - Luftgekuhltparts.com","isPartOf":{"@id":"https:\/\/www.luftgekuhltparts.com\/#website"},"primaryImageOfPage":{"@id":"https:\/\/www.luftgekuhltparts.com\/product\/rear-corner-complete-left\/#primaryimage"},"image":{"@id":"https:\/\/www.luftgekuhltparts.com\/product\/rear-corner-complete-left\/#primaryimage"},"thumbnailUrl":"https:\/\/www.luftgekuhltparts.com\/wp-content\/uploads\/2025\/07\/0890-363.21cce939_1.jpg","datePublished":"2025-07-16T14:22:39+00:00","dateModified":"2025-08-14T00:08:32+00:00","description":"Rear corner complete, left for Volkswagen Bus 03\/55-05\/57 | OEM VW parts | Luftgekuhlt Parts","breadcrumb":{"@id":"https:\/\/www.luftgekuhltparts.com\/product\/rear-corner-complete-left\/#breadcrumb"},"inLanguage":"fr-FR","potentialAction":[{"@type":"ReadAction","target":["https:\/\/www.luftgekuhltparts.com\/product\/rear-corner-complete-left\/"]}]},{"@type":"ImageObject","inLanguage":"fr-FR","@id":"https:\/\/www.luftgekuhltparts.com\/product\/rear-corner-complete-left\/#primaryimage","url":"https:\/\/www.luftgekuhltparts.com\/wp-content\/uploads\/2025\/07\/0890-363.21cce939_1.jpg","contentUrl":"https:\/\/www.luftgekuhltparts.com\/wp-content\/uploads\/2025\/07\/0890-363.21cce939_1.jpg","width":960,"height":960},{"@type":"BreadcrumbList","@id":"https:\/\/www.luftgekuhltparts.com\/product\/rear-corner-complete-left\/#breadcrumb","itemListElement":[{"@type":"ListItem","position":1,"name":"Home","item":"https:\/\/www.luftgekuhltparts.com\/"},{"@type":"ListItem","position":2,"name":"Shop","item":"https:\/\/www.luftgekuhltparts.com\/shop\/"},{"@type":"ListItem","position":3,"name":"Rear corner complete, left"}]},{"@type":"WebSite","@id":"https:\/\/www.luftgekuhltparts.com\/#website","url":"https:\/\/www.luftgekuhltparts.com\/","name":"Luftgekuhltparts.com","description":"","publisher":{"@id":"https:\/\/www.luftgekuhltparts.com\/#organization"},"potentialAction":[{"@type":"SearchAction","target":{"@type":"EntryPoint","urlTemplate":"https:\/\/www.luftgekuhltparts.com\/?s={search_term_string}"},"query-input":{"@type":"PropertyValueSpecification","valueRequired":true,"valueName":"search_term_string"}}],"inLanguage":"fr-FR"},{"@type":"Organization","@id":"https:\/\/www.luftgekuhltparts.com\/#organization","name":"Luftgekuhltparts.com","url":"https:\/\/www.luftgekuhltparts.com\/","logo":{"@type":"ImageObject","inLanguage":"fr-FR","@id":"https:\/\/www.luftgekuhltparts.com\/#\/schema\/logo\/image\/","url":"https:\/\/www.luftgekuhltparts.com\/wp-content\/uploads\/2024\/02\/logo.png","contentUrl":"https:\/\/www.luftgekuhltparts.com\/wp-content\/uploads\/2024\/02\/logo.png","width":500,"height":549,"caption":"Luftgekuhltparts.com"},"image":{"@id":"https:\/\/www.luftgekuhltparts.com\/#\/schema\/logo\/image\/"},"sameAs":["https:\/\/www.facebook.com\/LUFTGEKUHLTParts\/","https:\/\/nl.pinterest.com\/luftgekuhltparts\/"]}]}},"_links":{"self":[{"href":"https:\/\/www.luftgekuhltparts.com\/fr\/wp-json\/wp\/v2\/product\/35383","targetHints":{"allow":["GET"]}}],"collection":[{"href":"https:\/\/www.luftgekuhltparts.com\/fr\/wp-json\/wp\/v2\/product"}],"about":[{"href":"https:\/\/www.luftgekuhltparts.com\/fr\/wp-json\/wp\/v2\/types\/product"}],"replies":[{"embeddable":true,"href":"https:\/\/www.luftgekuhltparts.com\/fr\/wp-json\/wp\/v2\/comments?post=35383"}],"wp:featuredmedia":[{"embeddable":true,"href":"https:\/\/www.luftgekuhltparts.com\/fr\/wp-json\/wp\/v2\/media\/95877"}],"wp:attachment":[{"href":"https:\/\/www.luftgekuhltparts.com\/fr\/wp-json\/wp\/v2\/media?parent=35383"}],"wp:term":[{"taxonomy":"product_brand","embeddable":true,"href":"https:\/\/www.luftgekuhltparts.com\/fr\/wp-json\/wp\/v2\/product_brand?post=35383"},{"taxonomy":"product_cat","embeddable":true,"href":"https:\/\/www.luftgekuhltparts.com\/fr\/wp-json\/wp\/v2\/product_cat?post=35383"},{"taxonomy":"product_tag","embeddable":true,"href":"https:\/\/www.luftgekuhltparts.com\/fr\/wp-json\/wp\/v2\/product_tag?post=35383"},{"taxonomy":"supplier","embeddable":true,"href":"https:\/\/www.luftgekuhltparts.com\/fr\/wp-json\/wp\/v2\/supplier?post=35383"}],"curies":[{"name":"wp","href":"https:\/\/api.w.org\/{rel}","templated":true}]}}